{"id":28,"date":"2025-09-01T01:56:51","date_gmt":"2025-09-01T01:56:51","guid":{"rendered":"https:\/\/ccc.edu.bo\/?page_id=28"},"modified":"2025-09-01T01:56:59","modified_gmt":"2025-09-01T01:56:59","slug":"en-construccion","status":"publish","type":"page","link":"https:\/\/ccc.edu.bo\/","title":{"rendered":"En Construcci\u00f3n"},"content":{"rendered":"\t\t<div data-elementor-type=\"wp-page\" data-elementor-id=\"28\" class=\"elementor elementor-28\" data-elementor-post-type=\"page\">\n\t\t\t\t<div class=\"elementor-element elementor-element-12727b9a e-con-full e-flex e-con e-parent\" data-id=\"12727b9a\" data-element_type=\"container\" data-e-type=\"container\" data-settings=\"{&quot;background_background&quot;:&quot;classic&quot;}\">\n\t\t\t\t<div class=\"elementor-element elementor-element-59cd6a44 elementor-widget elementor-widget-heading\" data-id=\"59cd6a44\" data-element_type=\"widget\" data-e-type=\"widget\" data-widget_type=\"heading.default\">\n\t\t\t\t\t<h1 class=\"elementor-heading-title elementor-size-default\">Sitio en CONSTRUCCION\n<\/h1>\t\t\t\t<\/div>\n\t\t\t\t<div class=\"elementor-element elementor-element-6409c2fe elementor-widget__width-initial elementor-widget-mobile__width-inherit elementor-widget elementor-widget-text-editor\" data-id=\"6409c2fe\" data-element_type=\"widget\" data-e-type=\"widget\" data-widget_type=\"text-editor.default\">\n\t\t\t\t\t\t\t\t\t<p data-start=\"215\" data-end=\"252\"><strong data-start=\"215\" data-end=\"252\">\u00a1Bienvenidos a nuestro sitio web!<\/strong><\/p><p data-start=\"254\" data-end=\"395\">Actualmente estamos trabajando para brindarte una experiencia online renovada y llena de informaci\u00f3n \u00fatil sobre nuestra comunidad educativa.<\/p><p data-start=\"397\" data-end=\"555\">Nuestro colegio est\u00e1 comprometido con la formaci\u00f3n integral de nuestros estudiantes, basada en valores cristianos, excelencia acad\u00e9mica y desarrollo personal.<\/p><p data-start=\"557\" data-end=\"676\"><strong data-start=\"557\" data-end=\"582\">Sitio en construcci\u00f3n<\/strong><br data-start=\"582\" data-end=\"585\" \/>Por favor, vuelve pronto para conocer m\u00e1s sobre nuestras actividades, programas y noticias.<\/p><p data-start=\"678\" data-end=\"716\">\u00a1Gracias por tu paciencia y confianza!<\/p>\t\t\t\t\t\t\t\t<\/div>\n\t\t\t\t<div class=\"elementor-element elementor-element-5b2dd052 elementor-align-left elementor-widget elementor-widget-button\" data-id=\"5b2dd052\" data-element_type=\"widget\" data-e-type=\"widget\" data-widget_type=\"button.default\">\n\t\t\t\t\t\t\t\t\t\t<a class=\"elementor-button elementor-button-link elementor-size-sm elementor-animation-grow\" href=\"https:\/\/sis.ccc.edu.bo\/\">\n\t\t\t\t\t\t<span class=\"elementor-button-content-wrapper\">\n\t\t\t\t\t\t<span class=\"elementor-button-icon\">\n\t\t\t\t<svg aria-hidden=\"true\" class=\"e-font-icon-svg e-fas-school\" viewBox=\"0 0 640 512\" xmlns=\"http:\/\/www.w3.org\/2000\/svg\"><path d=\"M0 224v272c0 8.84 7.16 16 16 16h80V192H32c-17.67 0-32 14.33-32 32zm360-48h-24v-40c0-4.42-3.58-8-8-8h-16c-4.42 0-8 3.58-8 8v64c0 4.42 3.58 8 8 8h48c4.42 0 8-3.58 8-8v-16c0-4.42-3.58-8-8-8zm137.75-63.96l-160-106.67a32.02 32.02 0 0 0-35.5 0l-160 106.67A32.002 32.002 0 0 0 128 138.66V512h128V368c0-8.84 7.16-16 16-16h96c8.84 0 16 7.16 16 16v144h128V138.67c0-10.7-5.35-20.7-14.25-26.63zM320 256c-44.18 0-80-35.82-80-80s35.82-80 80-80 80 35.82 80 80-35.82 80-80 80zm288-64h-64v320h80c8.84 0 16-7.16 16-16V224c0-17.67-14.33-32-32-32z\"><\/path><\/svg>\t\t\t<\/span>\n\t\t\t\t\t\t\t\t\t<span class=\"elementor-button-text\">WEB-SIS<\/span>\n\t\t\t\t\t<\/span>\n\t\t\t\t\t<\/a>\n\t\t\t\t\t\t\t\t<\/div>\n\t\t\t\t<\/div>\n\t\t\t\t<\/div>\n\t\t","protected":false},"excerpt":{"rendered":"<p>Sitio en CONSTRUCCION \u00a1Bienvenidos a nuestro sitio web! Actualmente estamos trabajando para brindarte una experiencia online renovada y llena de informaci\u00f3n \u00fatil sobre nuestra comunidad educativa. Nuestro colegio est\u00e1 comprometido con la formaci\u00f3n integral de nuestros estudiantes, basada en valores cristianos, excelencia acad\u00e9mica y desarrollo personal. Sitio en construcci\u00f3nPor favor, vuelve pronto para conocer m\u00e1s [&hellip;]<\/p>\n","protected":false},"author":1,"featured_media":13,"parent":0,"menu_order":0,"comment_status":"closed","ping_status":"closed","template":"elementor_header_footer","meta":{"_uag_custom_page_level_css":"","footnotes":""},"class_list":["post-28","page","type-page","status-publish","has-post-thumbnail","hentry"],"uagb_featured_image_src":{"full":["https:\/\/ccc.edu.bo\/wp-content\/uploads\/2025\/09\/bg-1.jpg",2048,1311,false],"thumbnail":["https:\/\/ccc.edu.bo\/wp-content\/uploads\/2025\/09\/bg-1-150x150.jpg",150,150,true],"medium":["https:\/\/ccc.edu.bo\/wp-content\/uploads\/2025\/09\/bg-1-300x192.jpg",300,192,true],"medium_large":["https:\/\/ccc.edu.bo\/wp-content\/uploads\/2025\/09\/bg-1-768x492.jpg",768,492,true],"large":["https:\/\/ccc.edu.bo\/wp-content\/uploads\/2025\/09\/bg-1-1024x656.jpg",800,513,true],"1536x1536":["https:\/\/ccc.edu.bo\/wp-content\/uploads\/2025\/09\/bg-1-1536x983.jpg",1536,983,true],"2048x2048":["https:\/\/ccc.edu.bo\/wp-content\/uploads\/2025\/09\/bg-1.jpg",2048,1311,false]},"uagb_author_info":{"display_name":"admin","author_link":"https:\/\/ccc.edu.bo\/?author=1"},"uagb_comment_info":0,"uagb_excerpt":"Sitio en CONSTRUCCION \u00a1Bienvenidos a nuestro sitio web! Actualmente estamos trabajando para brindarte una experiencia online renovada y llena de informaci\u00f3n \u00fatil sobre nuestra comunidad educativa. Nuestro colegio est\u00e1 comprometido con la formaci\u00f3n integral de nuestros estudiantes, basada en valores cristianos, excelencia acad\u00e9mica y desarrollo personal. Sitio en construcci\u00f3nPor favor, vuelve pronto para conocer m\u00e1s&hellip;","_links":{"self":[{"href":"https:\/\/ccc.edu.bo\/index.php?rest_route=\/wp\/v2\/pages\/28","targetHints":{"allow":["GET"]}}],"collection":[{"href":"https:\/\/ccc.edu.bo\/index.php?rest_route=\/wp\/v2\/pages"}],"about":[{"href":"https:\/\/ccc.edu.bo\/index.php?rest_route=\/wp\/v2\/types\/page"}],"author":[{"embeddable":true,"href":"https:\/\/ccc.edu.bo\/index.php?rest_route=\/wp\/v2\/users\/1"}],"replies":[{"embeddable":true,"href":"https:\/\/ccc.edu.bo\/index.php?rest_route=%2Fwp%2Fv2%2Fcomments&post=28"}],"version-history":[{"count":4,"href":"https:\/\/ccc.edu.bo\/index.php?rest_route=\/wp\/v2\/pages\/28\/revisions"}],"predecessor-version":[{"id":32,"href":"https:\/\/ccc.edu.bo\/index.php?rest_route=\/wp\/v2\/pages\/28\/revisions\/32"}],"wp:featuredmedia":[{"embeddable":true,"href":"https:\/\/ccc.edu.bo\/index.php?rest_route=\/wp\/v2\/media\/13"}],"wp:attachment":[{"href":"https:\/\/ccc.edu.bo\/index.php?rest_route=%2Fwp%2Fv2%2Fmedia&parent=28"}],"curies":[{"name":"wp","href":"https:\/\/api.w.org\/{rel}","templated":true}]}}